{"id":12845,"date":"2023-11-09T22:46:08","date_gmt":"2023-11-09T19:46:08","guid":{"rendered":"https:\/\/mkgdernek.org\/kr\/?page_id=12845"},"modified":"2025-08-28T17:11:30","modified_gmt":"2025-08-28T14:11:30","slug":"sazumani","status":"publish","type":"page","link":"https:\/\/mkgdernek.org\/kr\/sazumani\/","title":{"rendered":"Sazuman\u00ee"},"content":{"rendered":"\t\t<div data-elementor-type=\"wp-page\" data-elementor-id=\"12845\" class=\"elementor elementor-12845\">\n\t\t\t\t<div class=\"elementor-element elementor-element-f9e5b45 e-flex e-con-boxed e-con e-parent\" data-id=\"f9e5b45\" data-element_type=\"container\" data-e-type=\"container\">\n\t\t\t\t\t<div class=\"e-con-inner\">\n\t\t\t\t<div class=\"elementor-element elementor-element-2bff4df elementor-widget elementor-widget-wesper-section-title\" data-id=\"2bff4df\" data-element_type=\"widget\" data-e-type=\"widget\" data-widget_type=\"wesper-section-title.default\">\n\t\t\t\t<div class=\"elementor-widget-container\">\n\t\t\t\t\t          <div class=\"jlcus_sec_title jl_sec_style1 jl_secf_title  no \">\n            <div class=\"jlcus_sect_inner\">\n                                    <h2 class=\"jl-heading-text\">            \n                        <span>\n                                                            Sazumani                                                    <\/span>            \n                  <\/h2>\n                                    \n                              <\/div>                    \n                      <\/div>                    \n    \t\t\t\t<\/div>\n\t\t\t\t<\/div>\n\t\t\t\t\t<\/div>\n\t\t\t\t<\/div>\n\t\t<div class=\"elementor-element elementor-element-462a57e e-flex e-con-boxed e-con e-parent\" data-id=\"462a57e\" data-element_type=\"container\" data-e-type=\"container\">\n\t\t\t\t\t<div class=\"e-con-inner\">\n\t\t<div class=\"elementor-element elementor-element-9a47215 e-con-full e-flex e-con e-child\" data-id=\"9a47215\" data-element_type=\"container\" data-e-type=\"container\">\n\t\t\t\t<div class=\"elementor-element elementor-element-d5b0d58 elementor-widget elementor-widget-wesper-infobox\" data-id=\"d5b0d58\" data-element_type=\"widget\" data-e-type=\"widget\" data-widget_type=\"wesper-infobox.default\">\n\t\t\t\t<div class=\"elementor-widget-container\">\n\t\t\t\t\t        <div class=\"jl-infobox-wrapp\">\n                \n        <div class=\"jl-infobox\">\n            <div class=\"jl-infobox-item jl-infobox-align-center jl-infobox-icon-position-center jl-infobox-enable-box-yes simple-transition\" >\n                                    <div class=\"jl-infobox-icon\">\n                        \n                        <img fetchpriority=\"high\" decoding=\"async\" width=\"512\" height=\"512\" src=\"https:\/\/mkgdernek.org\/kr\/wp-content\/uploads\/sites\/2\/2025\/06\/MKG-logo-ikon-20x20.png\" class=\"attachment-medium_large size-medium_large wp-image-13755 jl-lazyload lazyload\" alt=\"\" data-src=\"https:\/\/mkgdernek.org\/kr\/wp-content\/uploads\/sites\/2\/2025\/06\/MKG-logo-ikon.png\" srcset=\"https:\/\/mkgdernek.org\/kr\/wp-content\/uploads\/sites\/2\/2025\/06\/MKG-logo-ikon-20x20.png 20w, https:\/\/mkgdernek.org\/kr\/wp-content\/uploads\/sites\/2\/2025\/06\/MKG-logo-ikon-300x300.png 300w, https:\/\/mkgdernek.org\/kr\/wp-content\/uploads\/sites\/2\/2025\/06\/MKG-logo-ikon-150x150.png 150w, https:\/\/mkgdernek.org\/kr\/wp-content\/uploads\/sites\/2\/2025\/06\/MKG-logo-ikon-400x400.png 400w, https:\/\/mkgdernek.org\/kr\/wp-content\/uploads\/sites\/2\/2025\/06\/MKG-logo-ikon.png 512w\" sizes=\"(max-width: 512px) 100vw, 512px\" \/>   \n                    <\/div>\n                                <div class=\"jl-infobox-content\">                    \n                    <h3 class=\"jl-infobox-content-title\">Logoya Sazumaniy\u00ea<\/h3>                                                        <\/div>\n                                <a class=\"jl_info_link\" href=\"https:\/\/mkgdernek.org\/kr\/sazumani\/#logo\"><\/a>\n                            <\/div>            \n        <\/div>\n                \n        <div class=\"jl-infobox\">\n            <div class=\"jl-infobox-item jl-infobox-align-center jl-infobox-icon-position-center jl-infobox-enable-box-yes simple-transition\" >\n                                    <div class=\"jl-infobox-icon\">\n                        \n                        <img decoding=\"async\" width=\"512\" height=\"512\" src=\"https:\/\/mkgdernek.org\/kr\/wp-content\/uploads\/sites\/2\/2025\/06\/dernek-yonetim1-20x20.png\" class=\"attachment-medium_large size-medium_large wp-image-13756 jl-lazyload lazyload\" alt=\"\" data-src=\"https:\/\/mkgdernek.org\/kr\/wp-content\/uploads\/sites\/2\/2025\/06\/dernek-yonetim1.png\" srcset=\"https:\/\/mkgdernek.org\/kr\/wp-content\/uploads\/sites\/2\/2025\/06\/dernek-yonetim1-20x20.png 20w, https:\/\/mkgdernek.org\/kr\/wp-content\/uploads\/sites\/2\/2025\/06\/dernek-yonetim1-300x300.png 300w, https:\/\/mkgdernek.org\/kr\/wp-content\/uploads\/sites\/2\/2025\/06\/dernek-yonetim1-150x150.png 150w, https:\/\/mkgdernek.org\/kr\/wp-content\/uploads\/sites\/2\/2025\/06\/dernek-yonetim1-400x400.png 400w, https:\/\/mkgdernek.org\/kr\/wp-content\/uploads\/sites\/2\/2025\/06\/dernek-yonetim1.png 512w\" sizes=\"(max-width: 512px) 100vw, 512px\" \/>   \n                    <\/div>\n                                <div class=\"jl-infobox-content\">                    \n                    <h3 class=\"jl-infobox-content-title\">R\u00eaveberiya Komeley\u00ea<\/h3>                                                        <\/div>\n                                <a class=\"jl_info_link\" href=\"https:\/\/mkgdernek.org\/kr\/sazumani\/#reveber\"><\/a>\n                            <\/div>            \n        <\/div>\n                \n        <div class=\"jl-infobox\">\n            <div class=\"jl-infobox-item jl-infobox-align-center jl-infobox-icon-position-center jl-infobox-enable-box-yes simple-transition\" >\n                                    <div class=\"jl-infobox-icon\">\n                        \n                        <img decoding=\"async\" width=\"512\" height=\"512\" src=\"https:\/\/mkgdernek.org\/kr\/wp-content\/uploads\/sites\/2\/2025\/06\/uyelik-20x20.png\" class=\"attachment-medium_large size-medium_large wp-image-13757 jl-lazyload lazyload\" alt=\"\" data-src=\"https:\/\/mkgdernek.org\/kr\/wp-content\/uploads\/sites\/2\/2025\/06\/uyelik.png\" srcset=\"https:\/\/mkgdernek.org\/kr\/wp-content\/uploads\/sites\/2\/2025\/06\/uyelik-20x20.png 20w, https:\/\/mkgdernek.org\/kr\/wp-content\/uploads\/sites\/2\/2025\/06\/uyelik-300x300.png 300w, https:\/\/mkgdernek.org\/kr\/wp-content\/uploads\/sites\/2\/2025\/06\/uyelik-150x150.png 150w, https:\/\/mkgdernek.org\/kr\/wp-content\/uploads\/sites\/2\/2025\/06\/uyelik-400x400.png 400w, https:\/\/mkgdernek.org\/kr\/wp-content\/uploads\/sites\/2\/2025\/06\/uyelik.png 512w\" sizes=\"(max-width: 512px) 100vw, 512px\" \/>   \n                    <\/div>\n                                <div class=\"jl-infobox-content\">                    \n                    <h3 class=\"jl-infobox-content-title\">Endamet\u00ee<\/h3>                                                        <\/div>\n                                <a class=\"jl_info_link\" href=\"https:\/\/mkgdernek.org\/kr\/sazumani\/\/#endameti\"><\/a>\n                            <\/div>            \n        <\/div>\n                \n        <\/div>\n        \t\t\t\t<\/div>\n\t\t\t\t<\/div>\n\t\t\t\t<div class=\"elementor-element elementor-element-6b650a4 elementor-widget elementor-widget-spacer\" data-id=\"6b650a4\" data-element_type=\"widget\" data-e-type=\"widget\" data-widget_type=\"spacer.default\">\n\t\t\t\t<div class=\"elementor-widget-container\">\n\t\t\t\t\t\t\t<div class=\"elementor-spacer\">\n\t\t\t<div class=\"elementor-spacer-inner\"><\/div>\n\t\t<\/div>\n\t\t\t\t\t\t<\/div>\n\t\t\t\t<\/div>\n\t\t\t\t<\/div>\n\t\t<div class=\"elementor-element elementor-element-91ac319 e-con-full e-flex e-con e-child\" data-id=\"91ac319\" data-element_type=\"container\" data-e-type=\"container\">\n\t\t\t\t<div class=\"elementor-element elementor-element-b1e8c9c elementor-widget elementor-widget-spacer\" data-id=\"b1e8c9c\" data-element_type=\"widget\" data-e-type=\"widget\" data-widget_type=\"spacer.default\">\n\t\t\t\t<div class=\"elementor-widget-container\">\n\t\t\t\t\t\t\t<div class=\"elementor-spacer\">\n\t\t\t<div class=\"elementor-spacer-inner\"><\/div>\n\t\t<\/div>\n\t\t\t\t\t\t<\/div>\n\t\t\t\t<\/div>\n\t\t\t\t<\/div>\n\t\t<div class=\"elementor-element elementor-element-91da89d e-con-full e-flex e-con e-child\" data-id=\"91da89d\" data-element_type=\"container\" data-e-type=\"container\">\n\t\t\t\t<div class=\"elementor-element elementor-element-6c5b667 elementor-widget elementor-widget-wesper-section-title\" data-id=\"6c5b667\" data-element_type=\"widget\" data-e-type=\"widget\" id=\"logo\" data-widget_type=\"wesper-section-title.default\">\n\t\t\t\t<div class=\"elementor-widget-container\">\n\t\t\t\t\t          <div class=\"jlcus_sec_title jl_sec_style1 jl_secf_title  no \">\n            <div class=\"jlcus_sect_inner\">\n                                    <h2 class=\"jl-heading-text\">            \n                        <span>\n                                                            Logoya Sazumaniy\u00ea                                                    <\/span>            \n                  <\/h2>\n                                    \n                              <\/div>                    \n                      <\/div>                    \n    \t\t\t\t<\/div>\n\t\t\t\t<\/div>\n\t\t\t\t<div class=\"elementor-element elementor-element-abc0d41 elementor-widget elementor-widget-wesper-infobox\" data-id=\"abc0d41\" data-element_type=\"widget\" data-e-type=\"widget\" data-widget_type=\"wesper-infobox.default\">\n\t\t\t\t<div class=\"elementor-widget-container\">\n\t\t\t\t\t        <div class=\"jl-infobox-wrapp\">\n                \n        <div class=\"jl-infobox\">\n            <div class=\"jl-infobox-item jl-infobox-align-center jl-infobox-icon-position-center jl-infobox-enable-box- simple-transition\" >\n                                    <div class=\"jl-infobox-icon\">\n                                                    <svg aria-hidden=\"true\" class=\"e-font-icon-svg e-far-file-pdf\" viewBox=\"0 0 384 512\" xmlns=\"http:\/\/www.w3.org\/2000\/svg\"><path d=\"M369.9 97.9L286 14C277 5 264.8-.1 252.1-.1H48C21.5 0 0 21.5 0 48v416c0 26.5 21.5 48 48 48h288c26.5 0 48-21.5 48-48V131.9c0-12.7-5.1-25-14.1-34zM332.1 128H256V51.9l76.1 76.1zM48 464V48h160v104c0 13.3 10.7 24 24 24h104v288H48zm250.2-143.7c-12.2-12-47-8.7-64.4-6.5-17.2-10.5-28.7-25-36.8-46.3 3.9-16.1 10.1-40.6 5.4-56-4.2-26.2-37.8-23.6-42.6-5.9-4.4 16.1-.4 38.5 7 67.1-10 23.9-24.9 56-35.4 74.4-20 10.3-47 26.2-51 46.2-3.3 15.8 26 55.2 76.1-31.2 22.4-7.4 46.8-16.5 68.4-20.1 18.9 10.2 41 17 55.8 17 25.5 0 28-28.2 17.5-38.7zm-198.1 77.8c5.1-13.7 24.5-29.5 30.4-35-19 30.3-30.4 35.7-30.4 35zm81.6-190.6c7.4 0 6.7 32.1 1.8 40.8-4.4-13.9-4.3-40.8-1.8-40.8zm-24.4 136.6c9.7-16.9 18-37 24.7-54.7 8.3 15.1 18.9 27.2 30.1 35.5-20.8 4.3-38.9 13.1-54.8 19.2zm131.6-5s-5 6-37.3-7.8c35.1-2.6 40.9 5.4 37.3 7.8z\"><\/path><\/svg>                        \n                           \n                    <\/div>\n                                <div class=\"jl-infobox-content\">                    \n                    <h3 class=\"jl-infobox-content-title\">PDF<\/h3>                    <div class=\"jl-infobox-content-description\">2564x1122 \n<br>300 dpi<\/div>                                    <\/div>\n                                <a class=\"jl_info_link\" href=\"https:\/\/mkgdernek.org\/wp-content\/uploads\/2024\/04\/MKG-Mezopotamya-Kadin-Gazeteciler-Dernegi-logo.pdf\" target=\"_blank\"><\/a>\n                            <\/div>            \n        <\/div>\n                \n        <div class=\"jl-infobox\">\n            <div class=\"jl-infobox-item jl-infobox-align-center jl-infobox-icon-position-center jl-infobox-enable-box- simple-transition\" >\n                                    <div class=\"jl-infobox-icon\">\n                                                    <svg aria-hidden=\"true\" class=\"e-font-icon-svg e-fas-file-image\" viewBox=\"0 0 384 512\" xmlns=\"http:\/\/www.w3.org\/2000\/svg\"><path d=\"M384 121.941V128H256V0h6.059a24 24 0 0 1 16.97 7.029l97.941 97.941a24.002 24.002 0 0 1 7.03 16.971zM248 160c-13.2 0-24-10.8-24-24V0H24C10.745 0 0 10.745 0 24v464c0 13.255 10.745 24 24 24h336c13.255 0 24-10.745 24-24V160H248zm-135.455 16c26.51 0 48 21.49 48 48s-21.49 48-48 48-48-21.49-48-48 21.491-48 48-48zm208 240h-256l.485-48.485L104.545 328c4.686-4.686 11.799-4.201 16.485.485L160.545 368 264.06 264.485c4.686-4.686 12.284-4.686 16.971 0L320.545 304v112z\"><\/path><\/svg>                        \n                           \n                    <\/div>\n                                <div class=\"jl-infobox-content\">                    \n                    <h3 class=\"jl-infobox-content-title\">PNG<\/h3>                    <div class=\"jl-infobox-content-description\">2564x1122 \n<br>300 dpi<\/div>                                    <\/div>\n                                <a class=\"jl_info_link\" href=\"https:\/\/mkgdernek.org\/wp-content\/uploads\/2024\/04\/MKG-Mezopotamya-Kadin-Gazeteciler-Dernegi-logo.png\" target=\"_blank\"><\/a>\n                            <\/div>            \n        <\/div>\n                \n        <\/div>\n        \t\t\t\t<\/div>\n\t\t\t\t<\/div>\n\t\t\t\t<div class=\"elementor-element elementor-element-5a7bff8 elementor-widget elementor-widget-spacer\" data-id=\"5a7bff8\" data-element_type=\"widget\" data-e-type=\"widget\" data-widget_type=\"spacer.default\">\n\t\t\t\t<div class=\"elementor-widget-container\">\n\t\t\t\t\t\t\t<div class=\"elementor-spacer\">\n\t\t\t<div class=\"elementor-spacer-inner\"><\/div>\n\t\t<\/div>\n\t\t\t\t\t\t<\/div>\n\t\t\t\t<\/div>\n\t\t\t\t<\/div>\n\t\t\t\t\t<\/div>\n\t\t\t\t<\/div>\n\t\t<div class=\"elementor-element elementor-element-c178437 e-flex e-con-boxed e-con e-parent\" data-id=\"c178437\" data-element_type=\"container\" data-e-type=\"container\">\n\t\t\t\t\t<div class=\"e-con-inner\">\n\t\t\t\t<div class=\"elementor-element elementor-element-e72477a elementor-widget elementor-widget-wesper-section-title\" data-id=\"e72477a\" data-element_type=\"widget\" data-e-type=\"widget\" id=\"reveber\" data-widget_type=\"wesper-section-title.default\">\n\t\t\t\t<div class=\"elementor-widget-container\">\n\t\t\t\t\t          <div class=\"jlcus_sec_title jl_sec_style1 jl_secf_title  no \">\n            <div class=\"jlcus_sect_inner\">\n                                    <h2 class=\"jl-heading-text\">            \n                        <span>\n                                                            R\u00eaveberiya Komeley\u00ea                                                     <\/span>            \n                  <\/h2>\n                                    \n                              <\/div>                    \n                      <\/div>                    \n    \t\t\t\t<\/div>\n\t\t\t\t<\/div>\n\t\t\t\t<div class=\"elementor-element elementor-element-e8a4592 elementor-widget elementor-widget-wesper-infobox\" data-id=\"e8a4592\" data-element_type=\"widget\" data-e-type=\"widget\" data-widget_type=\"wesper-infobox.default\">\n\t\t\t\t<div class=\"elementor-widget-container\">\n\t\t\t\t\t        <div class=\"jl-infobox-wrapp\">\n                \n        <div class=\"jl-infobox\">\n            <div class=\"jl-infobox-item jl-infobox-align-center jl-infobox-icon-position-center jl-infobox-enable-box- simple-transition\" >\n                                    <div class=\"jl-infobox-icon\">\n                        \n                        <img decoding=\"async\" src=\"data:image\/gif;base64,R0lGODlhAQABAAAAACH5BAEKAAEALAAAAAABAAEAAAICTAEAOw==\" data-src=\"https:\/\/mkgdernek.org\/kr\/wp-content\/uploads\/sites\/2\/elementor\/thumbs\/mkg150x200-r7al692kmk5bf99ps4bh6sdz3tveu2nydsit8k86z4.png\" title=\"mkg150x200\" alt=\"mkg150x200\" loading=\"lazy\" class=\"lazyload\" \/>   \n                    <\/div>\n                                <div class=\"jl-infobox-content\">                    \n                    <h3 class=\"jl-infobox-content-title\">Seroka Lijneya R\u00eaveberiy\u00ea<\/h3>                    <div class=\"jl-infobox-content-description\">Roza Met\u00eena<\/div>                                    <\/div>\n                            <\/div>            \n        <\/div>\n                \n        <\/div>\n        \t\t\t\t<\/div>\n\t\t\t\t<\/div>\n\t\t\t\t<div class=\"elementor-element elementor-element-59287c9 elementor-widget elementor-widget-wesper-infobox\" data-id=\"59287c9\" data-element_type=\"widget\" data-e-type=\"widget\" data-widget_type=\"wesper-infobox.default\">\n\t\t\t\t<div class=\"elementor-widget-container\">\n\t\t\t\t\t        <div class=\"jl-infobox-wrapp\">\n                \n        <div class=\"jl-infobox\">\n            <div class=\"jl-infobox-item jl-infobox-align-center jl-infobox-icon-position-center jl-infobox-enable-box- simple-transition\" >\n                                    <div class=\"jl-infobox-icon\">\n                        \n                        <img decoding=\"async\" src=\"data:image\/gif;base64,R0lGODlhAQABAAAAACH5BAEKAAEALAAAAAABAAEAAAICTAEAOw==\" data-src=\"https:\/\/mkgdernek.org\/kr\/wp-content\/uploads\/sites\/2\/elementor\/thumbs\/mkg150x200-r7al692kmk5bf99ps4bh6sdz3tveu2nydsit8k86z4.png\" title=\"mkg150x200\" alt=\"mkg150x200\" loading=\"lazy\" class=\"lazyload\" \/>   \n                    <\/div>\n                                <div class=\"jl-infobox-content\">                    \n                    <h3 class=\"jl-infobox-content-title\">Al\u00eekara Seroka Lijneya R\u00eaveberiy\u00ea<\/h3>                    <div class=\"jl-infobox-content-description\">Arj\u00een D\u00eelek Oncel<\/div>                                    <\/div>\n                            <\/div>            \n        <\/div>\n                \n        <div class=\"jl-infobox\">\n            <div class=\"jl-infobox-item jl-infobox-align-center jl-infobox-icon-position-center jl-infobox-enable-box- simple-transition\" >\n                                    <div class=\"jl-infobox-icon\">\n                        \n                        <img decoding=\"async\" src=\"data:image\/gif;base64,R0lGODlhAQABAAAAACH5BAEKAAEALAAAAAABAAEAAAICTAEAOw==\" data-src=\"https:\/\/mkgdernek.org\/kr\/wp-content\/uploads\/sites\/2\/elementor\/thumbs\/mkg150x200-r7al692kmk5bf99ps4bh6sdz3tveu2nydsit8k86z4.png\" title=\"mkg150x200\" alt=\"mkg150x200\" loading=\"lazy\" class=\"lazyload\" \/>   \n                    <\/div>\n                                <div class=\"jl-infobox-content\">                    \n                    <h3 class=\"jl-infobox-content-title\">Xez\u00eenedar<\/h3>                    <div class=\"jl-infobox-content-description\">Pinar Ural<\/div>                                    <\/div>\n                            <\/div>            \n        <\/div>\n                \n        <\/div>\n        \t\t\t\t<\/div>\n\t\t\t\t<\/div>\n\t\t\t\t\t<\/div>\n\t\t\t\t<\/div>\n\t\t<div class=\"elementor-element elementor-element-a2f483f e-flex e-con-boxed e-con e-parent\" data-id=\"a2f483f\" data-element_type=\"container\" data-e-type=\"container\">\n\t\t\t\t\t<div class=\"e-con-inner\">\n\t\t\t\t<div class=\"elementor-element elementor-element-e430312 elementor-widget elementor-widget-wesper-section-title\" data-id=\"e430312\" data-element_type=\"widget\" data-e-type=\"widget\" id=\"endameti\" data-widget_type=\"wesper-section-title.default\">\n\t\t\t\t<div class=\"elementor-widget-container\">\n\t\t\t\t\t          <div class=\"jlcus_sec_title jl_sec_style1 jl_secf_title  no \">\n            <div class=\"jlcus_sect_inner\">\n                                    <h2 class=\"jl-heading-text\">            \n                        <span>\n                                                            Endamet\u00ee                                                    <\/span>            \n                  <\/h2>\n                                    \n                              <\/div>                    \n                      <\/div>                    \n    \t\t\t\t<\/div>\n\t\t\t\t<\/div>\n\t\t<div class=\"elementor-element elementor-element-4670131 e-con-full e-flex e-con e-child\" data-id=\"4670131\" data-element_type=\"container\" data-e-type=\"container\">\n\t\t\t\t<div class=\"elementor-element elementor-element-6159c39 elementor-widget elementor-widget-text-editor\" data-id=\"6159c39\" data-element_type=\"widget\" data-e-type=\"widget\" data-widget_type=\"text-editor.default\">\n\t\t\t\t<div class=\"elementor-widget-container\">\n\t\t\t\t\t\t\t\t\t<p>Belgey\u00ean P\u00eaw\u00eest Ji Bo Endamtiy\u00ea:<\/p>\t\t\t\t\t\t\t\t<\/div>\n\t\t\t\t<\/div>\n\t\t\t\t<div class=\"elementor-element elementor-element-c203898 elementor-widget elementor-widget-wesper-infobox\" data-id=\"c203898\" data-element_type=\"widget\" data-e-type=\"widget\" data-widget_type=\"wesper-infobox.default\">\n\t\t\t\t<div class=\"elementor-widget-container\">\n\t\t\t\t\t        <div class=\"jl-infobox-wrapp\">\n                \n        <div class=\"jl-infobox\">\n            <div class=\"jl-infobox-item jl-infobox-align-left jl-infobox-icon-position-left jl-infobox-enable-box-\" >\n                                    <div class=\"jl-infobox-icon\">\n                        \n                        <img loading=\"lazy\" decoding=\"async\" width=\"20\" height=\"20\" src=\"https:\/\/mkgdernek.org\/kr\/wp-content\/uploads\/sites\/2\/2025\/06\/uyelik-20x20.png\" class=\"attachment-wesper_large_sload size-wesper_large_sload wp-image-13757 jl-lazyload lazyload\" alt=\"\" data-src=\"https:\/\/mkgdernek.org\/kr\/wp-content\/uploads\/sites\/2\/2025\/06\/uyelik-20x20.png\" srcset=\"https:\/\/mkgdernek.org\/kr\/wp-content\/uploads\/sites\/2\/2025\/06\/uyelik-20x20.png 20w, https:\/\/mkgdernek.org\/kr\/wp-content\/uploads\/sites\/2\/2025\/06\/uyelik-300x300.png 300w, https:\/\/mkgdernek.org\/kr\/wp-content\/uploads\/sites\/2\/2025\/06\/uyelik-150x150.png 150w, https:\/\/mkgdernek.org\/kr\/wp-content\/uploads\/sites\/2\/2025\/06\/uyelik-400x400.png 400w, https:\/\/mkgdernek.org\/kr\/wp-content\/uploads\/sites\/2\/2025\/06\/uyelik.png 512w\" sizes=\"(max-width: 20px) 100vw, 20px\" \/>   \n                    <\/div>\n                                <div class=\"jl-infobox-content\">                    \n                    <h3 class=\"jl-infobox-content-title\">Fotokopiya Nasnamey\u00ea<\/h3>                                                        <\/div>\n                            <\/div>            \n        <\/div>\n                \n        <div class=\"jl-infobox\">\n            <div class=\"jl-infobox-item jl-infobox-align-left jl-infobox-icon-position-left jl-infobox-enable-box-\" >\n                                    <div class=\"jl-infobox-icon\">\n                                                    <svg aria-hidden=\"true\" class=\"e-font-icon-svg e-fas-file-download\" viewBox=\"0 0 384 512\" xmlns=\"http:\/\/www.w3.org\/2000\/svg\"><path d=\"M224 136V0H24C10.7 0 0 10.7 0 24v464c0 13.3 10.7 24 24 24h336c13.3 0 24-10.7 24-24V160H248c-13.2 0-24-10.8-24-24zm76.45 211.36l-96.42 95.7c-6.65 6.61-17.39 6.61-24.04 0l-96.42-95.7C73.42 337.29 80.54 320 94.82 320H160v-80c0-8.84 7.16-16 16-16h32c8.84 0 16 7.16 16 16v80h65.18c14.28 0 21.4 17.29 11.27 27.36zM377 105L279.1 7c-4.5-4.5-10.6-7-17-7H256v128h128v-6.1c0-6.3-2.5-12.4-7-16.9z\"><\/path><\/svg>                        \n                           \n                    <\/div>\n                                <div class=\"jl-infobox-content\">                    \n                    <h3 class=\"jl-infobox-content-title\">Forma Serl\u00eadana Endamtiy\u00ea \/ Dak\u00ea\u015fbar<\/h3>                                                        <\/div>\n                                <a class=\"jl_info_link\" href=\"https:\/\/mkgdernek.org\/wp-content\/uploads\/2024\/04\/Uye-basvuru-formu.doc\"><\/a>\n                            <\/div>            \n        <\/div>\n                \n        <\/div>\n        \t\t\t\t<\/div>\n\t\t\t\t<\/div>\n\t\t\t\t<div class=\"elementor-element elementor-element-0d83c64 elementor-widget elementor-widget-text-editor\" data-id=\"0d83c64\" data-element_type=\"widget\" data-e-type=\"widget\" data-widget_type=\"text-editor.default\">\n\t\t\t\t<div class=\"elementor-widget-container\">\n\t\t\t\t\t\t\t\t\t<p><strong>T\u00eab\u00een\u00ee:<\/strong> Div\u00ea Belgey\u00ean P\u00eawend\u00eedar Radest\u00ee R\u00eaveberiya Komeley\u00ea B\u00eate Kirin.<\/p>\t\t\t\t\t\t\t\t<\/div>\n\t\t\t\t<\/div>\n\t\t\t\t<\/div>\n\t\t\t\t\t<\/div>\n\t\t\t\t<\/div>\n\t\t\t\t<\/div>\n\t\t","protected":false},"excerpt":{"rendered":"<p>Sazumani Logoya Sazumaniy\u00ea R\u00eaveberiya Komeley\u00ea Endamet\u00ee Logoya Sazumaniy\u00ea PDF 2564&#215;1122 300 dpi PNG 2564&#215;1122 300 dpi R\u00eaveberiya Komeley\u00ea Seroka Lijneya R\u00eaveberiy\u00ea Roza Met\u00eena Al\u00eekara Seroka Lijneya R\u00eaveberiy\u00ea Arj\u00een D\u00eelek Oncel Xez\u00eenedar Pinar Ural Endamet\u00ee Belgey\u00ean P\u00eaw\u00eest Ji Bo Endamtiy\u00ea: Fotokopiya Nasnamey\u00ea Forma Serl\u00eadana Endamtiy\u00ea \/ Dak\u00ea\u015fbar T\u00eab\u00een\u00ee: Div\u00ea Belgey\u00ean P\u00eawend\u00eedar Radest\u00ee R\u00eaveberiya Komeley\u00ea B\u00eate Kirin.<\/p>\n","protected":false},"author":1,"featured_media":0,"parent":0,"menu_order":0,"comment_status":"closed","ping_status":"closed","template":"home-page-builder.php","meta":{"footnotes":""},"class_list":["post-12845","page","type-page","status-publish","hentry"],"_links":{"self":[{"href":"https:\/\/mkgdernek.org\/kr\/wp-json\/wp\/v2\/pages\/12845","targetHints":{"allow":["GET"]}}],"collection":[{"href":"https:\/\/mkgdernek.org\/kr\/wp-json\/wp\/v2\/pages"}],"about":[{"href":"https:\/\/mkgdernek.org\/kr\/wp-json\/wp\/v2\/types\/page"}],"author":[{"embeddable":true,"href":"https:\/\/mkgdernek.org\/kr\/wp-json\/wp\/v2\/users\/1"}],"replies":[{"embeddable":true,"href":"https:\/\/mkgdernek.org\/kr\/wp-json\/wp\/v2\/comments?post=12845"}],"version-history":[{"count":67,"href":"https:\/\/mkgdernek.org\/kr\/wp-json\/wp\/v2\/pages\/12845\/revisions"}],"predecessor-version":[{"id":14200,"href":"https:\/\/mkgdernek.org\/kr\/wp-json\/wp\/v2\/pages\/12845\/revisions\/14200"}],"wp:attachment":[{"href":"https:\/\/mkgdernek.org\/kr\/wp-json\/wp\/v2\/media?parent=12845"}],"curies":[{"name":"wp","href":"https:\/\/api.w.org\/{rel}","templated":true}]}}