{"id":12920,"date":"2023-12-06T22:56:25","date_gmt":"2023-12-06T19:56:25","guid":{"rendered":"https:\/\/mkgdernek.org\/kr\/?page_id=12920"},"modified":"2025-06-15T03:55:47","modified_gmt":"2025-06-15T00:55:47","slug":"rapor","status":"publish","type":"page","link":"https:\/\/mkgdernek.org\/kr\/rapor\/","title":{"rendered":"Rapor"},"content":{"rendered":"\t\t<div data-elementor-type=\"wp-page\" data-elementor-id=\"12920\" class=\"elementor elementor-12920\">\n\t\t\t\t<div class=\"elementor-element elementor-element-9d8358b e-flex e-con-boxed e-con e-parent\" data-id=\"9d8358b\" data-element_type=\"container\" data-e-type=\"container\">\n\t\t\t\t\t<div class=\"e-con-inner\">\n\t\t<div class=\"elementor-element elementor-element-129d1a6 e-con-full e-flex e-con e-child\" data-id=\"129d1a6\" data-element_type=\"container\" data-e-type=\"container\">\n\t\t\t\t<div class=\"elementor-element elementor-element-1bafd59 elementor-position-top elementor-widget elementor-widget-image-box\" data-id=\"1bafd59\" data-element_type=\"widget\" data-e-type=\"widget\" data-widget_type=\"image-box.default\">\n\t\t\t\t<div class=\"elementor-widget-container\">\n\t\t\t\t\t<div class=\"elementor-image-box-wrapper\"><figure class=\"elementor-image-box-img\"><a href=\"https:\/\/mkgdernek.org\/kr\/blog\/category\/rapor\/raporen-mehane\/\" tabindex=\"-1\"><img decoding=\"async\" src=\"data:image\/gif;base64,R0lGODlhAQABAAAAACH5BAEKAAEALAAAAAABAAEAAAICTAEAOw==\" data-src=\"https:\/\/mkgdernek.org\/kr\/wp-content\/uploads\/sites\/2\/elementor\/thumbs\/report-icon-13315-qi765j8skfablyps6vuh6bn45wh184fn0ub88hm30w.png\" title=\"report-icon-13315\" alt=\"report-icon-13315\" loading=\"lazy\" class=\"lazyload\" \/><\/a><\/figure><div class=\"elementor-image-box-content\"><h3 class=\"elementor-image-box-title\"><a href=\"https:\/\/mkgdernek.org\/kr\/blog\/category\/rapor\/raporen-mehane\/\">Rapor\u00ean Mehane<\/a><\/h3><\/div><\/div>\t\t\t\t<\/div>\n\t\t\t\t<\/div>\n\t\t\t\t<\/div>\n\t\t<div class=\"elementor-element elementor-element-d0c8d03 e-con-full e-flex e-con e-child\" data-id=\"d0c8d03\" data-element_type=\"container\" data-e-type=\"container\">\n\t\t\t\t<div class=\"elementor-element elementor-element-157a15c elementor-position-top elementor-widget elementor-widget-image-box\" data-id=\"157a15c\" data-element_type=\"widget\" data-e-type=\"widget\" data-widget_type=\"image-box.default\">\n\t\t\t\t<div class=\"elementor-widget-container\">\n\t\t\t\t\t<div class=\"elementor-image-box-wrapper\"><figure class=\"elementor-image-box-img\"><a href=\"https:\/\/mkgdernek.org\/kr\/blog\/category\/rapor\/raporen-salane\/\" tabindex=\"-1\"><img fetchpriority=\"high\" decoding=\"async\" width=\"500\" height=\"500\" src=\"https:\/\/mkgdernek.org\/kr\/wp-content\/uploads\/sites\/2\/2023\/12\/report-icon-13315-20x20.png\" class=\"attachment-full size-full wp-image-12934 jl-lazyload lazyload\" alt=\"\" data-src=\"https:\/\/mkgdernek.org\/kr\/wp-content\/uploads\/sites\/2\/2023\/12\/report-icon-13315.png\" srcset=\"https:\/\/mkgdernek.org\/kr\/wp-content\/uploads\/sites\/2\/2023\/12\/report-icon-13315-20x20.png 20w, https:\/\/mkgdernek.org\/kr\/wp-content\/uploads\/sites\/2\/2023\/12\/report-icon-13315-300x300.png 300w, https:\/\/mkgdernek.org\/kr\/wp-content\/uploads\/sites\/2\/2023\/12\/report-icon-13315-150x150.png 150w, https:\/\/mkgdernek.org\/kr\/wp-content\/uploads\/sites\/2\/2023\/12\/elementor\/thumbs\/report-icon-13315-qi765j8skfablyps6vuh6bn45wh184fn0ub88hm30w.png 200w, https:\/\/mkgdernek.org\/kr\/wp-content\/uploads\/sites\/2\/2023\/12\/report-icon-13315.png 500w\" sizes=\"(max-width: 500px) 100vw, 500px\" \/><\/a><\/figure><div class=\"elementor-image-box-content\"><h3 class=\"elementor-image-box-title\"><a href=\"https:\/\/mkgdernek.org\/kr\/blog\/category\/rapor\/raporen-salane\/\">Rapor\u00ean Salane<\/a><\/h3><\/div><\/div>\t\t\t\t<\/div>\n\t\t\t\t<\/div>\n\t\t\t\t<\/div>\n\t\t<div class=\"elementor-element elementor-element-6384499 e-con-full e-flex e-con e-child\" data-id=\"6384499\" data-element_type=\"container\" data-e-type=\"container\">\n\t\t\t\t<div class=\"elementor-element elementor-element-c7db170 elementor-position-top elementor-widget elementor-widget-image-box\" data-id=\"c7db170\" data-element_type=\"widget\" data-e-type=\"widget\" data-widget_type=\"image-box.default\">\n\t\t\t\t<div class=\"elementor-widget-container\">\n\t\t\t\t\t<div class=\"elementor-image-box-wrapper\"><figure class=\"elementor-image-box-img\"><a href=\"https:\/\/mkgdernek.org\/kr\/blog\/category\/rapor\/raporen-taybet\/\" tabindex=\"-1\"><img fetchpriority=\"high\" decoding=\"async\" width=\"500\" height=\"500\" src=\"https:\/\/mkgdernek.org\/kr\/wp-content\/uploads\/sites\/2\/2023\/12\/report-icon-13315-20x20.png\" class=\"attachment-full size-full wp-image-12934 jl-lazyload lazyload\" alt=\"\" data-src=\"https:\/\/mkgdernek.org\/kr\/wp-content\/uploads\/sites\/2\/2023\/12\/report-icon-13315.png\" srcset=\"https:\/\/mkgdernek.org\/kr\/wp-content\/uploads\/sites\/2\/2023\/12\/report-icon-13315-20x20.png 20w, https:\/\/mkgdernek.org\/kr\/wp-content\/uploads\/sites\/2\/2023\/12\/report-icon-13315-300x300.png 300w, https:\/\/mkgdernek.org\/kr\/wp-content\/uploads\/sites\/2\/2023\/12\/report-icon-13315-150x150.png 150w, https:\/\/mkgdernek.org\/kr\/wp-content\/uploads\/sites\/2\/2023\/12\/elementor\/thumbs\/report-icon-13315-qi765j8skfablyps6vuh6bn45wh184fn0ub88hm30w.png 200w, https:\/\/mkgdernek.org\/kr\/wp-content\/uploads\/sites\/2\/2023\/12\/report-icon-13315.png 500w\" sizes=\"(max-width: 500px) 100vw, 500px\" \/><\/a><\/figure><div class=\"elementor-image-box-content\"><h3 class=\"elementor-image-box-title\"><a href=\"https:\/\/mkgdernek.org\/kr\/blog\/category\/rapor\/raporen-taybet\/\">Rapor\u00ean Taybet<\/a><\/h3><\/div><\/div>\t\t\t\t<\/div>\n\t\t\t\t<\/div>\n\t\t\t\t<\/div>\n\t\t\t\t\t<\/div>\n\t\t\t\t<\/div>\n\t\t<div class=\"elementor-element elementor-element-90a18da e-flex e-con-boxed e-con e-parent\" data-id=\"90a18da\" data-element_type=\"container\" data-e-type=\"container\">\n\t\t\t\t\t<div class=\"e-con-inner\">\n\t\t\t\t\t<\/div>\n\t\t\t\t<\/div>\n\t\t\t\t<\/div>\n\t\t","protected":false},"excerpt":{"rendered":"<p>Rapor\u00ean Mehane Rapor\u00ean Salane Rapor\u00ean Taybet<\/p>\n","protected":false},"author":1,"featured_media":0,"parent":0,"menu_order":0,"comment_status":"closed","ping_status":"closed","template":"","meta":{"footnotes":""},"class_list":["post-12920","page","type-page","status-publish","hentry"],"_links":{"self":[{"href":"https:\/\/mkgdernek.org\/kr\/wp-json\/wp\/v2\/pages\/12920","targetHints":{"allow":["GET"]}}],"collection":[{"href":"https:\/\/mkgdernek.org\/kr\/wp-json\/wp\/v2\/pages"}],"about":[{"href":"https:\/\/mkgdernek.org\/kr\/wp-json\/wp\/v2\/types\/page"}],"author":[{"embeddable":true,"href":"https:\/\/mkgdernek.org\/kr\/wp-json\/wp\/v2\/users\/1"}],"replies":[{"embeddable":true,"href":"https:\/\/mkgdernek.org\/kr\/wp-json\/wp\/v2\/comments?post=12920"}],"version-history":[{"count":61,"href":"https:\/\/mkgdernek.org\/kr\/wp-json\/wp\/v2\/pages\/12920\/revisions"}],"predecessor-version":[{"id":13796,"href":"https:\/\/mkgdernek.org\/kr\/wp-json\/wp\/v2\/pages\/12920\/revisions\/13796"}],"wp:attachment":[{"href":"https:\/\/mkgdernek.org\/kr\/wp-json\/wp\/v2\/media?parent=12920"}],"curies":[{"name":"wp","href":"https:\/\/api.w.org\/{rel}","templated":true}]}}