{"id":14175,"date":"2025-08-27T16:09:42","date_gmt":"2025-08-27T13:09:42","guid":{"rendered":"https:\/\/mkgdernek.org\/kr\/?page_id=14175"},"modified":"2025-09-09T13:14:49","modified_gmt":"2025-09-09T10:14:49","slug":"forma-serledane","status":"publish","type":"page","link":"https:\/\/mkgdernek.org\/kr\/forma-serledane\/","title":{"rendered":"FORMA SERL\u00caDAN\u00ca"},"content":{"rendered":"\t\t<div data-elementor-type=\"wp-page\" data-elementor-id=\"14175\" class=\"elementor elementor-14175\">\n\t\t\t\t<div class=\"elementor-element elementor-element-419680a e-flex e-con-boxed e-con e-parent\" data-id=\"419680a\" data-element_type=\"container\" data-e-type=\"container\">\n\t\t\t\t\t<div class=\"e-con-inner\">\n\t\t<div class=\"elementor-element elementor-element-16ec7a8 e-con-full e-flex e-con e-child\" data-id=\"16ec7a8\" data-element_type=\"container\" data-e-type=\"container\">\n\t\t\t\t<div class=\"elementor-element elementor-element-98d3d12 elementor-widget elementor-widget-wesper-section-title\" data-id=\"98d3d12\" data-element_type=\"widget\" data-e-type=\"widget\" data-widget_type=\"wesper-section-title.default\">\n\t\t\t\t<div class=\"elementor-widget-container\">\n\t\t\t\t\t          <div class=\"jlcus_sec_title jl_sec_style1 jl_secf_title  no \">\n            <div class=\"jlcus_sect_inner\">\n                                    <h2 class=\"jl-heading-text\">            \n                        <span>\n                                                            FORMA SERL\u00caDAN\u00ca                                                    <\/span>            \n                  <\/h2>\n                                    \n                              <\/div>                    \n            <p class=\"jl_sct_sub\"><a href=\"https:\/\/mkgdernek.org\/kr\/xelaten-rojnamegeriya-jinan-a-gurbetelli-ersoz\/\" target=\"_blank\">\u015eert\u00ean Be\u015fdar\u00eeya<\/a><\/p>          <\/div>                    \n    \t\t\t\t<\/div>\n\t\t\t\t<\/div>\n\t\t\t\t<div class=\"elementor-element elementor-element-41f096a elementor-widget elementor-widget-shortcode\" data-id=\"41f096a\" data-element_type=\"widget\" data-e-type=\"widget\" data-widget_type=\"shortcode.default\">\n\t\t\t\t<div class=\"elementor-widget-container\">\n\t\t\t\t\t\t\t<div class=\"elementor-shortcode\"><form id=\"forminator-module-14034\" class=\"forminator-custom-form forminator-custom-form-14034\" method=\"post\" data-forminator-render=\"0\" data-uid=\"6a034407cfa2e\"><div role=\"alert\" aria-live=\"polite\" class=\"forminator-response-message forminator-error\" aria-hidden=\"true\"><\/div><\/form><\/div>\n\t\t\t\t\t\t<\/div>\n\t\t\t\t<\/div>\n\t\t\t\t<\/div>\n\t\t\t\t\t<\/div>\n\t\t\t\t<\/div>\n\t\t\t\t<\/div>\n\t\t","protected":false},"excerpt":{"rendered":"<p>FORMA SERL\u00caDAN\u00ca \u015eert\u00ean Be\u015fdar\u00eeya<\/p>\n","protected":false},"author":1,"featured_media":0,"parent":0,"menu_order":0,"comment_status":"closed","ping_status":"closed","template":"","meta":{"footnotes":""},"class_list":["post-14175","page","type-page","status-publish","hentry"],"_links":{"self":[{"href":"https:\/\/mkgdernek.org\/kr\/wp-json\/wp\/v2\/pages\/14175","targetHints":{"allow":["GET"]}}],"collection":[{"href":"https:\/\/mkgdernek.org\/kr\/wp-json\/wp\/v2\/pages"}],"about":[{"href":"https:\/\/mkgdernek.org\/kr\/wp-json\/wp\/v2\/types\/page"}],"author":[{"embeddable":true,"href":"https:\/\/mkgdernek.org\/kr\/wp-json\/wp\/v2\/users\/1"}],"replies":[{"embeddable":true,"href":"https:\/\/mkgdernek.org\/kr\/wp-json\/wp\/v2\/comments?post=14175"}],"version-history":[{"count":7,"href":"https:\/\/mkgdernek.org\/kr\/wp-json\/wp\/v2\/pages\/14175\/revisions"}],"predecessor-version":[{"id":14207,"href":"https:\/\/mkgdernek.org\/kr\/wp-json\/wp\/v2\/pages\/14175\/revisions\/14207"}],"wp:attachment":[{"href":"https:\/\/mkgdernek.org\/kr\/wp-json\/wp\/v2\/media?parent=14175"}],"curies":[{"name":"wp","href":"https:\/\/api.w.org\/{rel}","templated":true}]}}