{"id":7053,"date":"2023-11-10T17:04:01","date_gmt":"2023-11-10T14:04:01","guid":{"rendered":"http:\/\/localhost\/meg\/shareblog\/?page_id=7053"},"modified":"2025-06-18T15:22:26","modified_gmt":"2025-06-18T12:22:26","slug":"tekili","status":"publish","type":"page","link":"https:\/\/mkgdernek.org\/kr\/tekili\/","title":{"rendered":"T\u00eakil\u00ee"},"content":{"rendered":"\t\t<div data-elementor-type=\"wp-page\" data-elementor-id=\"7053\" class=\"elementor elementor-7053\">\n\t\t\t\t<div class=\"elementor-element elementor-element-f0e9f51 e-flex e-con-boxed e-con e-parent\" data-id=\"f0e9f51\" data-element_type=\"container\" data-e-type=\"container\">\n\t\t\t\t\t<div class=\"e-con-inner\">\n\t\t<div class=\"elementor-element elementor-element-0031084 e-flex e-con-boxed e-con e-child\" data-id=\"0031084\" data-element_type=\"container\" data-e-type=\"container\" data-settings=\"{&quot;background_background&quot;:&quot;classic&quot;}\">\n\t\t\t\t\t<div class=\"e-con-inner\">\n\t\t\t\t<div class=\"elementor-element elementor-element-cce1cf9 elementor-widget elementor-widget-wesper-section-title\" data-id=\"cce1cf9\" data-element_type=\"widget\" data-e-type=\"widget\" data-widget_type=\"wesper-section-title.default\">\n\t\t\t\t<div class=\"elementor-widget-container\">\n\t\t\t\t\t          <div class=\"jlcus_sec_title jl_sec_style8 jl_secf_title   \">\n            <div class=\"jlcus_sect_inner\">\n                                    <h2 class=\"jl-heading-text\">            \n                        <span>\n                                                            Bi me re t\u00eakil\u00ee daynin.                                                    <\/span>            \n                  <\/h2>\n                                    \n                              <\/div>                    \n                      <\/div>                    \n    \t\t\t\t<\/div>\n\t\t\t\t<\/div>\n\t\t\t\t\t<\/div>\n\t\t\t\t<\/div>\n\t\t\t\t\t<\/div>\n\t\t\t\t<\/div>\n\t\t\t\t<section class=\"elementor-section elementor-top-section elementor-element elementor-element-7ab05136 elementor-section-boxed elementor-section-height-default elementor-section-height-default\" data-id=\"7ab05136\" data-element_type=\"section\" data-e-type=\"section\">\n\t\t\t\t\t\t<div class=\"elementor-container elementor-column-gap-no\">\n\t\t\t\t\t<div class=\"elementor-column elementor-col-50 elementor-top-column elementor-element elementor-element-486612\" data-id=\"486612\" data-element_type=\"column\" data-e-type=\"column\">\n\t\t\t<div class=\"elementor-widget-wrap elementor-element-populated\">\n\t\t\t\t\t\t<div class=\"elementor-element elementor-element-453876c2 elementor-widget elementor-widget-wesper-section-title\" data-id=\"453876c2\" data-element_type=\"widget\" data-e-type=\"widget\" data-widget_type=\"wesper-section-title.default\">\n\t\t\t\t<div class=\"elementor-widget-container\">\n\t\t\t\t\t          <div class=\"jlcus_sec_title jl_sec_style8 jl_secf_title  no \">\n            <div class=\"jlcus_sect_inner\">\n                                    <h2 class=\"jl-heading-text\">            \n                        <span>\n                                                            T\u00eakil\u00ee daynin                                                    <\/span>            \n                  <\/h2>\n                                    \n                              <\/div>                    \n                      <\/div>                    \n    \t\t\t\t<\/div>\n\t\t\t\t<\/div>\n\t\t\t\t<div class=\"elementor-element elementor-element-4c677fb1 elementor-widget elementor-widget-wesper-section-title\" data-id=\"4c677fb1\" data-element_type=\"widget\" data-e-type=\"widget\" data-widget_type=\"wesper-section-title.default\">\n\t\t\t\t<div class=\"elementor-widget-container\">\n\t\t\t\t\t          <div class=\"jlcus_sec_title jl_sec_style8 jl_secf_body  no \">\n            <div class=\"jlcus_sect_inner\">\n                                    <p class=\"jl-heading-text\">            \n                        <span>\n                                                            H\u00fbn dikarin her cure n\u00ear\u00een, p\u00ea\u015fniyar \u00fb raman\u00ean xwe bi r\u00eaya form\u00ea ji me re bi\u015f\u00eenin. Her wiha h\u00fbn dikarin van kanal\u00ean ragihandin\u00ea y\u00ean li j\u00ear j\u00ee bi kar b\u00eenin.                                                    <\/span>            \n                  <\/p>\n                                    \n                              <\/div>                    \n                      <\/div>                    \n    \t\t\t\t<\/div>\n\t\t\t\t<\/div>\n\t\t\t\t<div class=\"elementor-element elementor-element-f3065de elementor-widget elementor-widget-wesper-section-title\" data-id=\"f3065de\" data-element_type=\"widget\" data-e-type=\"widget\" data-widget_type=\"wesper-section-title.default\">\n\t\t\t\t<div class=\"elementor-widget-container\">\n\t\t\t\t\t          <div class=\"jlcus_sec_title jl_sec_style8 jl_secf_title  no \">\n            <div class=\"jlcus_sect_inner\">\n                                    <h2 class=\"jl-heading-text\">            \n                        <span>\n                                                            Agahiy\u00ean T\u00eakiliy\u00ea                                                    <\/span>            \n                  <\/h2>\n                                    \n                              <\/div>                    \n                      <\/div>                    \n    \t\t\t\t<\/div>\n\t\t\t\t<\/div>\n\t\t\t\t<div class=\"elementor-element elementor-element-2940ffd1 elementor-widget elementor-widget-wesper-section-title\" data-id=\"2940ffd1\" data-element_type=\"widget\" data-e-type=\"widget\" data-widget_type=\"wesper-section-title.default\">\n\t\t\t\t<div class=\"elementor-widget-container\">\n\t\t\t\t\t          <div class=\"jlcus_sec_title jl_sec_style8 jl_secf_body  no \">\n            <div class=\"jlcus_sect_inner\">\n                                    <p class=\"jl-heading-text\">            \n                        <span>\n                                                        <a href=\"mailto:info@mkgdernek.org\" class=\"jlopt-text-link\">\n                                                            E-name: info@mkgdernek.org                                                        <\/a>\n                                                    <\/span>            \n                  <\/p>\n                                    \n                              <\/div>                    \n                      <\/div>                    \n    \t\t\t\t<\/div>\n\t\t\t\t<\/div>\n\t\t\t\t<div class=\"elementor-element elementor-element-4d8c8ce8 elementor-widget elementor-widget-wesper-section-title\" data-id=\"4d8c8ce8\" data-element_type=\"widget\" data-e-type=\"widget\" data-widget_type=\"wesper-section-title.default\">\n\t\t\t\t<div class=\"elementor-widget-container\">\n\t\t\t\t\t          <div class=\"jlcus_sec_title jl_sec_style8 jl_secf_body  no \">\n            <div class=\"jlcus_sect_inner\">\n                                    <p class=\"jl-heading-text\">            \n                        <span>\n                                                        <a href=\"tel:+905557469343\" class=\"jlopt-text-link\">\n                                                            Tel: +90 (555) 746 93 43                                                        <\/a>\n                                                    <\/span>            \n                  <\/p>\n                                    \n                              <\/div>                    \n                      <\/div>                    \n    \t\t\t\t<\/div>\n\t\t\t\t<\/div>\n\t\t\t\t<div class=\"elementor-element elementor-element-71ae1c79 elementor-widget elementor-widget-wesper-section-title\" data-id=\"71ae1c79\" data-element_type=\"widget\" data-e-type=\"widget\" data-widget_type=\"wesper-section-title.default\">\n\t\t\t\t<div class=\"elementor-widget-container\">\n\t\t\t\t\t          <div class=\"jlcus_sec_title jl_sec_style8 jl_secf_body  no \">\n            <div class=\"jlcus_sect_inner\">\n                                    <p class=\"jl-heading-text\">            \n                        <span>\n                                                            Navn\u00ee\u015fan: Taxa Aliemiri, Avahiya Mal\u00ee Mu\u015fav\u00eerler Hejmar: 1-1\/3                                                    <\/span>            \n                  <\/p>\n                                    \n                              <\/div>                    \n                      <\/div>                    \n    \t\t\t\t<\/div>\n\t\t\t\t<\/div>\n\t\t\t\t<div class=\"elementor-element elementor-element-52a771a elementor-widget elementor-widget-wesper-section-title\" data-id=\"52a771a\" data-element_type=\"widget\" data-e-type=\"widget\" data-widget_type=\"wesper-section-title.default\">\n\t\t\t\t<div class=\"elementor-widget-container\">\n\t\t\t\t\t          <div class=\"jlcus_sec_title jl_sec_style8 jl_secf_body  no \">\n            <div class=\"jlcus_sect_inner\">\n                                    <p class=\"jl-heading-text\">            \n                        <span>\n                                                            Yeni\u015fehir\/AMED                                                    <\/span>            \n                  <\/p>\n                                    \n                              <\/div>                    \n                      <\/div>                    \n    \t\t\t\t<\/div>\n\t\t\t\t<\/div>\n\t\t\t\t\t<\/div>\n\t\t<\/div>\n\t\t\t\t<div class=\"elementor-column elementor-col-50 elementor-top-column elementor-element elementor-element-4b9a9234\" data-id=\"4b9a9234\" data-element_type=\"column\" data-e-type=\"column\">\n\t\t\t<div class=\"elementor-widget-wrap elementor-element-populated\">\n\t\t\t\t\t\t<div class=\"elementor-element elementor-element-7bfed9f6 elementor-widget elementor-widget-wp-widget-wesper_c7\" data-id=\"7bfed9f6\" data-element_type=\"widget\" data-e-type=\"widget\" data-widget_type=\"wp-widget-wesper_c7.default\">\n\t\t\t\t<div class=\"elementor-widget-container\">\n\t\t\t\t\t<div class=\"widget_jl_wrapper jl-cf7-wrapper\">\r\n    <h5>Agahiy\u00ean T\u00eakiliy\u00ea<\/h5>    <div class=\"jl-contact-form-7\">\r\n\t\t\n<div class=\"wpcf7 no-js\" id=\"wpcf7-f6757-o1\" lang=\"en-US\" dir=\"ltr\" data-wpcf7-id=\"6757\">\n<div class=\"screen-reader-response\"><p role=\"status\" aria-live=\"polite\" aria-atomic=\"true\"><\/p> <ul><\/ul><\/div>\n<form action=\"\/kr\/wp-json\/wp\/v2\/pages\/7053#wpcf7-f6757-o1\" method=\"post\" class=\"wpcf7-form init\" aria-label=\"Contact form\" novalidate=\"novalidate\" data-status=\"init\">\n<fieldset class=\"hidden-fields-container\"><input type=\"hidden\" name=\"_wpcf7\" value=\"6757\" \/><input type=\"hidden\" name=\"_wpcf7_version\" value=\"6.1.5\" \/><input type=\"hidden\" name=\"_wpcf7_locale\" value=\"en_US\" \/><input type=\"hidden\" name=\"_wpcf7_unit_tag\" value=\"wpcf7-f6757-o1\" \/><input type=\"hidden\" name=\"_wpcf7_container_post\" value=\"0\" \/><input type=\"hidden\" name=\"_wpcf7_posted_data_hash\" value=\"\" \/>\n<\/fieldset>\n<span class=\"wpcf7-form-control-wrap\" data-name=\"your-name\"><input size=\"40\" maxlength=\"400\" class=\"wpcf7-form-control wpcf7-text wpcf7-validates-as-required\" aria-required=\"true\" aria-invalid=\"false\" placeholder=\"Nav \u00fb Pa\u015fnav\" value=\"\" type=\"text\" name=\"your-name\" \/><\/span>\n<span class=\"wpcf7-form-control-wrap\" data-name=\"telefon\"><input size=\"40\" maxlength=\"400\" class=\"wpcf7-form-control wpcf7-tel wpcf7-text wpcf7-validates-as-tel\" aria-invalid=\"false\" placeholder=\"Telefon\" value=\"\" type=\"tel\" name=\"telefon\" \/><\/span>\n<span class=\"wpcf7-form-control-wrap\" data-name=\"your-email\"><input size=\"40\" maxlength=\"400\" class=\"wpcf7-form-control wpcf7-email wpcf7-validates-as-required wpcf7-text wpcf7-validates-as-email\" aria-required=\"true\" aria-invalid=\"false\" placeholder=\"E-Name\" value=\"\" type=\"email\" name=\"your-email\" \/><\/span>\n<span class=\"wpcf7-form-control-wrap\" data-name=\"your-message\"><textarea cols=\"40\" rows=\"10\" maxlength=\"2000\" class=\"wpcf7-form-control wpcf7-textarea wpcf7-validates-as-required\" aria-required=\"true\" aria-invalid=\"false\" placeholder=\"Peyama We\" name=\"your-message\"><\/textarea><\/span>\n<input class=\"wpcf7-form-control wpcf7-submit has-spinner\" type=\"submit\" value=\"Bi\u015f\u00eene\" \/><div class=\"wpcf7-response-output\" aria-hidden=\"true\"><\/div>\n<\/form>\n<\/div>\n\t<\/div>\r\n    <\/div>\t\t\t\t<\/div>\n\t\t\t\t<\/div>\n\t\t\t\t\t<\/div>\n\t\t<\/div>\n\t\t\t\t\t<\/div>\n\t\t<\/section>\n\t\t\t\t<\/div>\n\t\t","protected":false},"excerpt":{"rendered":"<p>Bi me re t\u00eakil\u00ee daynin. T\u00eakil\u00ee daynin H\u00fbn dikarin her cure n\u00ear\u00een, p\u00ea\u015fniyar \u00fb raman\u00ean xwe bi r\u00eaya form\u00ea ji me re bi\u015f\u00eenin. Her wiha h\u00fbn dikarin van kanal\u00ean ragihandin\u00ea y\u00ean li j\u00ear j\u00ee bi kar b\u00eenin. Agahiy\u00ean T\u00eakiliy\u00ea E-name: info@mkgdernek.org Tel: +90 (555) 746 93 43 Navn\u00ee\u015fan: Taxa Aliemiri, Avahiya Mal\u00ee Mu\u015fav\u00eerler Hejmar: 1-1\/3 [&hellip;]<\/p>\n","protected":false},"author":1,"featured_media":0,"parent":0,"menu_order":0,"comment_status":"closed","ping_status":"closed","template":"home-page-builder.php","meta":{"footnotes":""},"class_list":["post-7053","page","type-page","status-publish","hentry"],"_links":{"self":[{"href":"https:\/\/mkgdernek.org\/kr\/wp-json\/wp\/v2\/pages\/7053","targetHints":{"allow":["GET"]}}],"collection":[{"href":"https:\/\/mkgdernek.org\/kr\/wp-json\/wp\/v2\/pages"}],"about":[{"href":"https:\/\/mkgdernek.org\/kr\/wp-json\/wp\/v2\/types\/page"}],"author":[{"embeddable":true,"href":"https:\/\/mkgdernek.org\/kr\/wp-json\/wp\/v2\/users\/1"}],"replies":[{"embeddable":true,"href":"https:\/\/mkgdernek.org\/kr\/wp-json\/wp\/v2\/comments?post=7053"}],"version-history":[{"count":87,"href":"https:\/\/mkgdernek.org\/kr\/wp-json\/wp\/v2\/pages\/7053\/revisions"}],"predecessor-version":[{"id":14117,"href":"https:\/\/mkgdernek.org\/kr\/wp-json\/wp\/v2\/pages\/7053\/revisions\/14117"}],"wp:attachment":[{"href":"https:\/\/mkgdernek.org\/kr\/wp-json\/wp\/v2\/media?parent=7053"}],"curies":[{"name":"wp","href":"https:\/\/api.w.org\/{rel}","templated":true}]}}